{"id":53,"date":"2021-02-16T16:51:12","date_gmt":"2021-02-16T13:51:12","guid":{"rendered":"http:\/\/geylani.org\/?page_id=53"},"modified":"2021-02-16T20:06:40","modified_gmt":"2021-02-16T17:06:40","slug":"basinda-biz","status":"publish","type":"page","link":"https:\/\/geylani.org\/index.php\/basinda-biz\/","title":{"rendered":"Bas\u0131nda Biz"},"content":{"rendered":"\n<p>Bas\u0131nda \u00e7\u0131kan yaz\u0131lardan birka\u00e7 \u00f6rnek.<\/p>\n\n\n\n<figure class=\"wp-block-gallery columns-1 wp-block-gallery-1 is-layout-flex wp-block-gallery-is-layout-flex\"><ul class=\"blocks-gallery-grid\"><li class=\"blocks-gallery-item\"><figure><img loading=\"lazy\" decoding=\"async\" width=\"871\" height=\"1024\" src=\"https:\/\/geylani.org\/wp-content\/uploads\/2021\/02\/IMG_9009-min-871x1024.jpg\" alt=\"\" data-id=\"110\" data-full-url=\"https:\/\/geylani.org\/wp-content\/uploads\/2021\/02\/IMG_9009-min-scaled.jpg\" data-link=\"https:\/\/geylani.org\/index.php\/basinda-biz\/img_9009-min\/\" class=\"wp-image-110\" srcset=\"https:\/\/geylani.org\/wp-content\/uploads\/2021\/02\/IMG_9009-min-871x1024.jpg 871w, https:\/\/geylani.org\/wp-content\/uploads\/2021\/02\/IMG_9009-min-255x300.jpg 255w, https:\/\/geylani.org\/wp-content\/uploads\/2021\/02\/IMG_9009-min-768x903.jpg 768w, https:\/\/geylani.org\/wp-content\/uploads\/2021\/02\/IMG_9009-min-1306x1536.jpg 1306w, https:\/\/geylani.org\/wp-content\/uploads\/2021\/02\/IMG_9009-min-1741x2048.jpg 1741w\" sizes=\"auto, (max-width: 871px) 100vw, 871px\" \/><\/figure><\/li><li class=\"blocks-gallery-item\"><figure><img loading=\"lazy\" decoding=\"async\" width=\"1024\" height=\"787\" src=\"https:\/\/geylani.org\/wp-content\/uploads\/2021\/02\/IMG_9010-min-1024x787.jpg\" alt=\"\" data-id=\"111\" data-full-url=\"https:\/\/geylani.org\/wp-content\/uploads\/2021\/02\/IMG_9010-min-scaled.jpg\" data-link=\"https:\/\/geylani.org\/index.php\/basinda-biz\/img_9010-min\/\" class=\"wp-image-111\" srcset=\"https:\/\/geylani.org\/wp-content\/uploads\/2021\/02\/IMG_9010-min-1024x787.jpg 1024w, https:\/\/geylani.org\/wp-content\/uploads\/2021\/02\/IMG_9010-min-300x231.jpg 300w, https:\/\/geylani.org\/wp-content\/uploads\/2021\/02\/IMG_9010-min-768x590.jpg 768w, https:\/\/geylani.org\/wp-content\/uploads\/2021\/02\/IMG_9010-min-1536x1180.jpg 1536w, https:\/\/geylani.org\/wp-content\/uploads\/2021\/02\/IMG_9010-min-2048x1574.jpg 2048w\" sizes=\"auto, (max-width: 1024px) 100vw, 1024px\" \/><\/figure><\/li><li class=\"blocks-gallery-item\"><figure><img loading=\"lazy\" decoding=\"async\" width=\"637\" height=\"1024\" src=\"https:\/\/geylani.org\/wp-content\/uploads\/2021\/02\/IMG_9003-min-scaled-e1613495126908-637x1024.jpg\" alt=\"\" data-id=\"112\" data-full-url=\"https:\/\/geylani.org\/wp-content\/uploads\/2021\/02\/IMG_9003-min-scaled-e1613495126908.jpg\" data-link=\"https:\/\/geylani.org\/index.php\/basinda-biz\/img_9003-min\/\" class=\"wp-image-112\" srcset=\"https:\/\/geylani.org\/wp-content\/uploads\/2021\/02\/IMG_9003-min-scaled-e1613495126908-637x1024.jpg 637w, https:\/\/geylani.org\/wp-content\/uploads\/2021\/02\/IMG_9003-min-scaled-e1613495126908-187x300.jpg 187w, https:\/\/geylani.org\/wp-content\/uploads\/2021\/02\/IMG_9003-min-scaled-e1613495126908-768x1234.jpg 768w, https:\/\/geylani.org\/wp-content\/uploads\/2021\/02\/IMG_9003-min-scaled-e1613495126908-956x1536.jpg 956w, https:\/\/geylani.org\/wp-content\/uploads\/2021\/02\/IMG_9003-min-scaled-e1613495126908-1274x2048.jpg 1274w, https:\/\/geylani.org\/wp-content\/uploads\/2021\/02\/IMG_9003-min-scaled-e1613495126908.jpg 1593w\" sizes=\"auto, (max-width: 637px) 100vw, 637px\" \/><\/figure><\/li><li class=\"blocks-gallery-item\"><figure><img loading=\"lazy\" decoding=\"async\" width=\"760\" height=\"1024\" src=\"https:\/\/geylani.org\/wp-content\/uploads\/2021\/02\/IMG_9006-min-760x1024.jpg\" alt=\"\" data-id=\"113\" data-full-url=\"https:\/\/geylani.org\/wp-content\/uploads\/2021\/02\/IMG_9006-min-scaled.jpg\" data-link=\"https:\/\/geylani.org\/index.php\/basinda-biz\/img_9006-min\/\" class=\"wp-image-113\" srcset=\"https:\/\/geylani.org\/wp-content\/uploads\/2021\/02\/IMG_9006-min-760x1024.jpg 760w, https:\/\/geylani.org\/wp-content\/uploads\/2021\/02\/IMG_9006-min-223x300.jpg 223w, https:\/\/geylani.org\/wp-content\/uploads\/2021\/02\/IMG_9006-min-768x1035.jpg 768w, https:\/\/geylani.org\/wp-content\/uploads\/2021\/02\/IMG_9006-min-1140x1536.jpg 1140w, https:\/\/geylani.org\/wp-content\/uploads\/2021\/02\/IMG_9006-min-1520x2048.jpg 1520w, https:\/\/geylani.org\/wp-content\/uploads\/2021\/02\/IMG_9006-min-scaled.jpg 1900w\" sizes=\"auto, (max-width: 760px) 100vw, 760px\" \/><\/figure><\/li><li class=\"blocks-gallery-item\"><figure><img loading=\"lazy\" decoding=\"async\" width=\"1024\" height=\"825\" src=\"https:\/\/geylani.org\/wp-content\/uploads\/2021\/02\/IMG_9007-min-1024x825.jpg\" alt=\"\" data-id=\"114\" data-full-url=\"https:\/\/geylani.org\/wp-content\/uploads\/2021\/02\/IMG_9007-min-scaled.jpg\" data-link=\"https:\/\/geylani.org\/index.php\/basinda-biz\/img_9007-min\/\" class=\"wp-image-114\" srcset=\"https:\/\/geylani.org\/wp-content\/uploads\/2021\/02\/IMG_9007-min-1024x825.jpg 1024w, https:\/\/geylani.org\/wp-content\/uploads\/2021\/02\/IMG_9007-min-300x242.jpg 300w, https:\/\/geylani.org\/wp-content\/uploads\/2021\/02\/IMG_9007-min-768x619.jpg 768w, https:\/\/geylani.org\/wp-content\/uploads\/2021\/02\/IMG_9007-min-1536x1237.jpg 1536w, https:\/\/geylani.org\/wp-content\/uploads\/2021\/02\/IMG_9007-min-2048x1650.jpg 2048w\" sizes=\"auto, (max-width: 1024px) 100vw, 1024px\" \/><\/figure><\/li><\/ul><\/figure>\n","protected":false},"excerpt":{"rendered":"<p>Bas\u0131nda \u00e7\u0131kan yaz\u0131lardan birka\u00e7 \u00f6rnek.<\/p>\n","protected":false},"author":1,"featured_media":0,"parent":0,"menu_order":0,"comment_status":"closed","ping_status":"closed","template":"","meta":{"footnotes":""},"class_list":["post-53","page","type-page","status-publish","hentry"],"_links":{"self":[{"href":"https:\/\/geylani.org\/index.php\/wp-json\/wp\/v2\/pages\/53","targetHints":{"allow":["GET"]}}],"collection":[{"href":"https:\/\/geylani.org\/index.php\/wp-json\/wp\/v2\/pages"}],"about":[{"href":"https:\/\/geylani.org\/index.php\/wp-json\/wp\/v2\/types\/page"}],"author":[{"embeddable":true,"href":"https:\/\/geylani.org\/index.php\/wp-json\/wp\/v2\/users\/1"}],"replies":[{"embeddable":true,"href":"https:\/\/geylani.org\/index.php\/wp-json\/wp\/v2\/comments?post=53"}],"version-history":[{"count":-2,"href":"https:\/\/geylani.org\/index.php\/wp-json\/wp\/v2\/pages\/53\/revisions"}],"wp:attachment":[{"href":"https:\/\/geylani.org\/index.php\/wp-json\/wp\/v2\/media?parent=53"}],"curies":[{"name":"wp","href":"https:\/\/api.w.org\/{rel}","templated":true}]}}