{"id":140,"date":"2021-02-18T18:50:41","date_gmt":"2021-02-18T15:50:41","guid":{"rendered":"http:\/\/geylani.org\/?page_id=140"},"modified":"2021-03-09T21:32:00","modified_gmt":"2021-03-09T18:32:00","slug":"uye-ol","status":"publish","type":"page","link":"https:\/\/geylani.org\/index.php\/uye-ol\/","title":{"rendered":"\u00dcye ol"},"content":{"rendered":"\n<p>\u00dcyelerimizden hi\u00e7bir \u00fccret talep etmemekteyiz<\/p>\n\n\n<div class=\"wpforms-container wpforms-container-full\" id=\"wpforms-143\"><form id=\"wpforms-form-143\" class=\"wpforms-validate wpforms-form\" data-formid=\"143\" method=\"post\" enctype=\"multipart\/form-data\" action=\"\/index.php\/wp-json\/wp\/v2\/pages\/140\" data-token=\"850cf86b6e5537fa55b7e50f8f0f93c5\"><div class=\"wpforms-head-container\"><div class=\"wpforms-title\">\u00dcyelik Formu<\/div><div class=\"wpforms-description\">Y\u0131ld\u0131zl\u0131 alanlar doldurulmal\u0131d\u0131r<\/div><\/div><noscript class=\"wpforms-error-noscript\">Please enable JavaScript in your browser to complete this form.<\/noscript><div class=\"wpforms-field-container\"><div id=\"wpforms-143-field_0-container\" class=\"wpforms-field wpforms-field-name\" data-field-id=\"0\"><label class=\"wpforms-field-label\" for=\"wpforms-143-field_0\">Ad Soyad <span class=\"wpforms-required-label\">*<\/span><\/label><input type=\"text\" id=\"wpforms-143-field_0\" class=\"wpforms-field-medium wpforms-field-required\" name=\"wpforms[fields][0]\" required><\/div><div id=\"wpforms-143-field_1-container\" class=\"wpforms-field wpforms-field-email\" data-field-id=\"1\"><label class=\"wpforms-field-label\" for=\"wpforms-143-field_1\">Email<\/label><input type=\"email\" id=\"wpforms-143-field_1\" class=\"wpforms-field-medium\" name=\"wpforms[fields][1]\" ><\/div><div id=\"wpforms-143-field_5-container\" class=\"wpforms-field wpforms-field-text\" data-field-id=\"5\"><label class=\"wpforms-field-label\" for=\"wpforms-143-field_5\">Telefon numaras\u0131<\/label><input type=\"text\" id=\"wpforms-143-field_5\" class=\"wpforms-field-medium\" name=\"wpforms[fields][5]\" ><div class=\"wpforms-field-description\">Ba\u015f\u0131nda 0 olmak \u00fczere 11 haneli telefon numaran\u0131z\u0131 girin.<\/div><\/div><div id=\"wpforms-143-field_6-container\" class=\"wpforms-field wpforms-field-text\" data-field-id=\"6\"><label class=\"wpforms-field-label\" for=\"wpforms-143-field_6\">Referans<\/label><input type=\"text\" id=\"wpforms-143-field_6\" class=\"wpforms-field-medium\" name=\"wpforms[fields][6]\" ><div class=\"wpforms-field-description\">Bize nas\u0131l ula\u015ft\u0131n\u0131z?<\/div><\/div><\/div><div class=\"wpforms-submit-container\" ><input type=\"hidden\" name=\"wpforms[id]\" value=\"143\"><input type=\"hidden\" name=\"wpforms[author]\" value=\"1\"><button type=\"submit\" name=\"wpforms[submit]\" class=\"wpforms-submit \" id=\"wpforms-submit-143\" value=\"wpforms-submit\" aria-live=\"assertive\" data-alt-text=\"G\u00f6nderiliyor\" data-submit-text=\"\u00dcye Ol\">\u00dcye Ol<\/button><\/div><\/form><\/div>  <!-- .wpforms-container -->\n\n\n<p><\/p>\n","protected":false},"excerpt":{"rendered":"<p>\u00dcyelerimizden hi\u00e7bir \u00fccret talep etmemekteyiz<\/p>\n","protected":false},"author":1,"featured_media":0,"parent":0,"menu_order":0,"comment_status":"closed","ping_status":"closed","template":"","meta":{"footnotes":""},"class_list":["post-140","page","type-page","status-publish","hentry"],"_links":{"self":[{"href":"https:\/\/geylani.org\/index.php\/wp-json\/wp\/v2\/pages\/140","targetHints":{"allow":["GET"]}}],"collection":[{"href":"https:\/\/geylani.org\/index.php\/wp-json\/wp\/v2\/pages"}],"about":[{"href":"https:\/\/geylani.org\/index.php\/wp-json\/wp\/v2\/types\/page"}],"author":[{"embeddable":true,"href":"https:\/\/geylani.org\/index.php\/wp-json\/wp\/v2\/users\/1"}],"replies":[{"embeddable":true,"href":"https:\/\/geylani.org\/index.php\/wp-json\/wp\/v2\/comments?post=140"}],"version-history":[{"count":-1,"href":"https:\/\/geylani.org\/index.php\/wp-json\/wp\/v2\/pages\/140\/revisions"}],"wp:attachment":[{"href":"https:\/\/geylani.org\/index.php\/wp-json\/wp\/v2\/media?parent=140"}],"curies":[{"name":"wp","href":"https:\/\/api.w.org\/{rel}","templated":true}]}}